{"id":655,"date":"2020-02-13T13:29:26","date_gmt":"2020-02-13T13:29:26","guid":{"rendered":"https:\/\/webshop.kapsalonlaperla.nl\/?post_type=product&#038;p=655"},"modified":"2024-01-22T13:56:27","modified_gmt":"2024-01-22T13:56:27","slug":"keune-care-absolute-volume-conditioner","status":"publish","type":"product","link":"https:\/\/webshop.kapsalonlaperla.nl\/en\/product\/keune-care-absolute-volume-conditioner\/","title":{"rendered":"Keune Care Absolute Volume Conditioner"},"content":{"rendered":"<p>Deze verzorgende, voedende conditioner is verrijkt met provitamine B5 en tarweprote\u00efnen en geeft dun, dof haar precies wat het nodig heeft. De actieve ingredi\u00ebnten verdikken het haar en cr\u00eberen volume zonder dat het zwaar aanvoelt.<\/p>","protected":false},"excerpt":{"rendered":"<ul>\n<li>Tarweprote\u00efnen beschermen de haarstructuur en geven het haar volume<\/li>\n<li>Provitamine B5 dringt diep door in de haarschacht, herstelt de vochtbalans en maakt de haarstructuur dikker<\/li>\n<li>Quats maken het haar beter doorkambaar<\/li>\n<\/ul>","protected":false},"featured_media":656,"comment_status":"open","ping_status":"closed","template":"","meta":[],"product_cat":[40],"product_tag":[],"yoast_head":"<!-- This site is optimized with the Yoast SEO plugin v19.3 - https:\/\/yoast.com\/wordpress\/plugins\/seo\/ -->\n<title>Keune Care Absolute Volume Conditioner - Kapsalon La Perla Webshop<\/title>\n<meta name=\"robots\" content=\"index, follow, max-snippet:-1, max-image-preview:large, max-video-preview:-1\" \/>\n<link rel=\"canonical\" href=\"https:\/\/webshop.kapsalonlaperla.nl\/en\/product\/keune-care-absolute-volume-conditioner\/\" \/>\n<meta property=\"og:locale\" content=\"en_US\" \/>\n<meta property=\"og:type\" content=\"article\" \/>\n<meta property=\"og:title\" content=\"Keune Care Absolute Volume Conditioner - Kapsalon La Perla Webshop\" \/>\n<meta property=\"og:description\" content=\"Tarweprote\u00efnen beschermen de haarstructuur en geven het haar volume  Provitamine B5 dringt diep door in de haarschacht, herstelt de vochtbalans en maakt de haarstructuur dikker  Quats maken het haar beter doorkambaar\" \/>\n<meta property=\"og:url\" content=\"https:\/\/webshop.kapsalonlaperla.nl\/en\/product\/keune-care-absolute-volume-conditioner\/\" \/>\n<meta property=\"og:site_name\" content=\"Kapsalon La Perla Webshop\" \/>\n<meta property=\"article:modified_time\" content=\"2024-01-22T13:56:27+00:00\" \/>\n<meta property=\"og:image\" content=\"https:\/\/webshop.kapsalonlaperla.nl\/wordpress\/\/wp-content\/uploads\/2020\/02\/Care-Absolute-Volume-Conditioner-250ml-def-highres_600x600.jpg\" \/>\n\t<meta property=\"og:image:width\" content=\"375\" \/>\n\t<meta property=\"og:image:height\" content=\"600\" \/>\n\t<meta property=\"og:image:type\" content=\"image\/jpeg\" \/>\n<meta name=\"twitter:card\" content=\"summary_large_image\" \/>\n<meta name=\"twitter:label1\" content=\"Est. reading time\" \/>\n\t<meta name=\"twitter:data1\" content=\"1 minute\" \/>\n<script type=\"application\/ld+json\" class=\"yoast-schema-graph\">{\"@context\":\"https:\/\/schema.org\",\"@graph\":[{\"@type\":\"Organization\",\"@id\":\"https:\/\/webshop.kapsalonlaperla.nl\/#organization\",\"name\":\"Kapsalon La Perla Webshop\",\"url\":\"https:\/\/webshop.kapsalonlaperla.nl\/\",\"sameAs\":[],\"logo\":{\"@type\":\"ImageObject\",\"inLanguage\":\"en-US\",\"@id\":\"https:\/\/webshop.kapsalonlaperla.nl\/#\/schema\/logo\/image\/\",\"url\":\"https:\/\/webshop.kapsalonlaperla.nl\/wordpress\/\/wp-content\/uploads\/2020\/01\/logo-e1577909308754.png\",\"contentUrl\":\"https:\/\/webshop.kapsalonlaperla.nl\/wordpress\/\/wp-content\/uploads\/2020\/01\/logo-e1577909308754.png\",\"width\":300,\"height\":76,\"caption\":\"Kapsalon La Perla Webshop\"},\"image\":{\"@id\":\"https:\/\/webshop.kapsalonlaperla.nl\/#\/schema\/logo\/image\/\"}},{\"@type\":\"WebSite\",\"@id\":\"https:\/\/webshop.kapsalonlaperla.nl\/#website\",\"url\":\"https:\/\/webshop.kapsalonlaperla.nl\/\",\"name\":\"Kapsalon La Perla Webshop\",\"description\":\"\",\"publisher\":{\"@id\":\"https:\/\/webshop.kapsalonlaperla.nl\/#organization\"},\"potentialAction\":[{\"@type\":\"SearchAction\",\"target\":{\"@type\":\"EntryPoint\",\"urlTemplate\":\"https:\/\/webshop.kapsalonlaperla.nl\/?s={search_term_string}\"},\"query-input\":\"required name=search_term_string\"}],\"inLanguage\":\"en-US\"},{\"@type\":\"ImageObject\",\"inLanguage\":\"en-US\",\"@id\":\"https:\/\/webshop.kapsalonlaperla.nl\/product\/keune-care-absolute-volume-conditioner\/#primaryimage\",\"url\":\"https:\/\/webshop.kapsalonlaperla.nl\/wordpress\/\/wp-content\/uploads\/2020\/02\/Care-Absolute-Volume-Conditioner-250ml-def-highres_600x600.jpg\",\"contentUrl\":\"https:\/\/webshop.kapsalonlaperla.nl\/wordpress\/\/wp-content\/uploads\/2020\/02\/Care-Absolute-Volume-Conditioner-250ml-def-highres_600x600.jpg\",\"width\":375,\"height\":600},{\"@type\":\"WebPage\",\"@id\":\"https:\/\/webshop.kapsalonlaperla.nl\/product\/keune-care-absolute-volume-conditioner\/\",\"url\":\"https:\/\/webshop.kapsalonlaperla.nl\/product\/keune-care-absolute-volume-conditioner\/\",\"name\":\"Keune Care Absolute Volume Conditioner - Kapsalon La Perla Webshop\",\"isPartOf\":{\"@id\":\"https:\/\/webshop.kapsalonlaperla.nl\/#website\"},\"primaryImageOfPage\":{\"@id\":\"https:\/\/webshop.kapsalonlaperla.nl\/product\/keune-care-absolute-volume-conditioner\/#primaryimage\"},\"datePublished\":\"2020-02-13T13:29:26+00:00\",\"dateModified\":\"2024-01-22T13:56:27+00:00\",\"breadcrumb\":{\"@id\":\"https:\/\/webshop.kapsalonlaperla.nl\/product\/keune-care-absolute-volume-conditioner\/#breadcrumb\"},\"inLanguage\":\"en-US\",\"potentialAction\":[{\"@type\":\"ReadAction\",\"target\":[\"https:\/\/webshop.kapsalonlaperla.nl\/product\/keune-care-absolute-volume-conditioner\/\"]}]},{\"@type\":\"BreadcrumbList\",\"@id\":\"https:\/\/webshop.kapsalonlaperla.nl\/product\/keune-care-absolute-volume-conditioner\/#breadcrumb\",\"itemListElement\":[{\"@type\":\"ListItem\",\"position\":1,\"name\":\"Home\",\"item\":\"https:\/\/webshop.kapsalonlaperla.nl\/\"},{\"@type\":\"ListItem\",\"position\":2,\"name\":\"Shop\",\"item\":\"https:\/\/webshop.kapsalonlaperla.nl\/\"},{\"@type\":\"ListItem\",\"position\":3,\"name\":\"Keune Care Absolute Volume Conditioner\"}]}]}<\/script>\n<!-- \/ Yoast SEO plugin. -->","yoast_head_json":{"title":"Keune Care Absolute Volume Conditioner - Kapsalon La Perla Webshop","robots":{"index":"index","follow":"follow","max-snippet":"max-snippet:-1","max-image-preview":"max-image-preview:large","max-video-preview":"max-video-preview:-1"},"canonical":"https:\/\/webshop.kapsalonlaperla.nl\/en\/product\/keune-care-absolute-volume-conditioner\/","og_locale":"en_US","og_type":"article","og_title":"Keune Care Absolute Volume Conditioner - Kapsalon La Perla Webshop","og_description":"Tarweprote\u00efnen beschermen de haarstructuur en geven het haar volume  Provitamine B5 dringt diep door in de haarschacht, herstelt de vochtbalans en maakt de haarstructuur dikker  Quats maken het haar beter doorkambaar","og_url":"https:\/\/webshop.kapsalonlaperla.nl\/en\/product\/keune-care-absolute-volume-conditioner\/","og_site_name":"Kapsalon La Perla Webshop","article_modified_time":"2024-01-22T13:56:27+00:00","og_image":[{"width":375,"height":600,"url":"https:\/\/webshop.kapsalonlaperla.nl\/wordpress\/\/wp-content\/uploads\/2020\/02\/Care-Absolute-Volume-Conditioner-250ml-def-highres_600x600.jpg","type":"image\/jpeg"}],"twitter_card":"summary_large_image","twitter_misc":{"Est. reading time":"1 minute"},"schema":{"@context":"https:\/\/schema.org","@graph":[{"@type":"Organization","@id":"https:\/\/webshop.kapsalonlaperla.nl\/#organization","name":"Kapsalon La Perla Webshop","url":"https:\/\/webshop.kapsalonlaperla.nl\/","sameAs":[],"logo":{"@type":"ImageObject","inLanguage":"en-US","@id":"https:\/\/webshop.kapsalonlaperla.nl\/#\/schema\/logo\/image\/","url":"https:\/\/webshop.kapsalonlaperla.nl\/wordpress\/\/wp-content\/uploads\/2020\/01\/logo-e1577909308754.png","contentUrl":"https:\/\/webshop.kapsalonlaperla.nl\/wordpress\/\/wp-content\/uploads\/2020\/01\/logo-e1577909308754.png","width":300,"height":76,"caption":"Kapsalon La Perla Webshop"},"image":{"@id":"https:\/\/webshop.kapsalonlaperla.nl\/#\/schema\/logo\/image\/"}},{"@type":"WebSite","@id":"https:\/\/webshop.kapsalonlaperla.nl\/#website","url":"https:\/\/webshop.kapsalonlaperla.nl\/","name":"Kapsalon La Perla Webshop","description":"","publisher":{"@id":"https:\/\/webshop.kapsalonlaperla.nl\/#organization"},"potentialAction":[{"@type":"SearchAction","target":{"@type":"EntryPoint","urlTemplate":"https:\/\/webshop.kapsalonlaperla.nl\/?s={search_term_string}"},"query-input":"required name=search_term_string"}],"inLanguage":"en-US"},{"@type":"ImageObject","inLanguage":"en-US","@id":"https:\/\/webshop.kapsalonlaperla.nl\/product\/keune-care-absolute-volume-conditioner\/#primaryimage","url":"https:\/\/webshop.kapsalonlaperla.nl\/wordpress\/\/wp-content\/uploads\/2020\/02\/Care-Absolute-Volume-Conditioner-250ml-def-highres_600x600.jpg","contentUrl":"https:\/\/webshop.kapsalonlaperla.nl\/wordpress\/\/wp-content\/uploads\/2020\/02\/Care-Absolute-Volume-Conditioner-250ml-def-highres_600x600.jpg","width":375,"height":600},{"@type":"WebPage","@id":"https:\/\/webshop.kapsalonlaperla.nl\/product\/keune-care-absolute-volume-conditioner\/","url":"https:\/\/webshop.kapsalonlaperla.nl\/product\/keune-care-absolute-volume-conditioner\/","name":"Keune Care Absolute Volume Conditioner - Kapsalon La Perla Webshop","isPartOf":{"@id":"https:\/\/webshop.kapsalonlaperla.nl\/#website"},"primaryImageOfPage":{"@id":"https:\/\/webshop.kapsalonlaperla.nl\/product\/keune-care-absolute-volume-conditioner\/#primaryimage"},"datePublished":"2020-02-13T13:29:26+00:00","dateModified":"2024-01-22T13:56:27+00:00","breadcrumb":{"@id":"https:\/\/webshop.kapsalonlaperla.nl\/product\/keune-care-absolute-volume-conditioner\/#breadcrumb"},"inLanguage":"en-US","potentialAction":[{"@type":"ReadAction","target":["https:\/\/webshop.kapsalonlaperla.nl\/product\/keune-care-absolute-volume-conditioner\/"]}]},{"@type":"BreadcrumbList","@id":"https:\/\/webshop.kapsalonlaperla.nl\/product\/keune-care-absolute-volume-conditioner\/#breadcrumb","itemListElement":[{"@type":"ListItem","position":1,"name":"Home","item":"https:\/\/webshop.kapsalonlaperla.nl\/"},{"@type":"ListItem","position":2,"name":"Shop","item":"https:\/\/webshop.kapsalonlaperla.nl\/"},{"@type":"ListItem","position":3,"name":"Keune Care Absolute Volume Conditioner"}]}]}},"_links":{"self":[{"href":"https:\/\/webshop.kapsalonlaperla.nl\/en\/wp-json\/wp\/v2\/product\/655"}],"collection":[{"href":"https:\/\/webshop.kapsalonlaperla.nl\/en\/wp-json\/wp\/v2\/product"}],"about":[{"href":"https:\/\/webshop.kapsalonlaperla.nl\/en\/wp-json\/wp\/v2\/types\/product"}],"replies":[{"embeddable":true,"href":"https:\/\/webshop.kapsalonlaperla.nl\/en\/wp-json\/wp\/v2\/comments?post=655"}],"wp:featuredmedia":[{"embeddable":true,"href":"https:\/\/webshop.kapsalonlaperla.nl\/en\/wp-json\/wp\/v2\/media\/656"}],"wp:attachment":[{"href":"https:\/\/webshop.kapsalonlaperla.nl\/en\/wp-json\/wp\/v2\/media?parent=655"}],"wp:term":[{"taxonomy":"product_cat","embeddable":true,"href":"https:\/\/webshop.kapsalonlaperla.nl\/en\/wp-json\/wp\/v2\/product_cat?post=655"},{"taxonomy":"product_tag","embeddable":true,"href":"https:\/\/webshop.kapsalonlaperla.nl\/en\/wp-json\/wp\/v2\/product_tag?post=655"}],"curies":[{"name":"wp","href":"https:\/\/api.w.org\/{rel}","templated":true}]}}